{"id":155,"date":"2018-02-06T12:55:41","date_gmt":"2018-02-06T12:55:41","guid":{"rendered":"http:\/\/bridge151.qodeinteractive.com\/?page_id=155"},"modified":"2022-10-11T18:26:41","modified_gmt":"2022-10-11T18:26:41","slug":"hc-medical-mafra","status":"publish","type":"page","link":"https:\/\/medical-hc.com\/mafra\/hc-medical-mafra\/","title":{"rendered":"HC Medical Pediatria"},"content":{"rendered":"<p>[vc_row css_animation=&#8221;&#8221; row_type=&#8221;row&#8221; use_row_as_full_screen_section=&#8221;no&#8221; type=&#8221;grid&#8221; angled_section=&#8221;no&#8221; text_align=&#8221;left&#8221; background_image_as_pattern=&#8221;without_pattern&#8221; z_index=&#8221;&#8221; css=&#8221;.vc_custom_1533865911286{padding-top: 40px !important;padding-bottom: 40px !important;}&#8221;][vc_column][vc_column_text]<\/p>\n<p class=\"font_7\"><span style=\"color: #000000;\">A Medical H.C foi idealizada em 2013 por este casal de esp\u00edrito empreendedor,\u00a0<\/span><span style=\"color: #000000;\">que sempre teve uma profunda preocupa\u00e7\u00e3o em valorizar a cada paciente de\u00a0<\/span><span style=\"color: #000000;\">maneira \u00fanica e especial.<\/span><br \/>\n<span style=\"color: #000000;\">\u00a0<\/span><br \/>\n<span style=\"color: #000000;\">Desde a sua funda\u00e7\u00e3o a Medical H.C sempre esteve focada na qualidade do\u00a0<\/span><span style=\"color: #000000;\">atendimento, motivo que leva a procura de atualiza\u00e7\u00f5es constantes na \u00e1rea\u00a0<\/span><span style=\"color: #000000;\">pedi\u00e1trica e de excel\u00eancia do atendimento, em centros de refer\u00eancia\u00a0<\/span><span style=\"color: #000000;\">internacionais.<\/span><\/p>\n<p class=\"font_7\"><span style=\"color: #000000;\">A Medical H.C est\u00e1 em expans\u00e3o a n\u00edvel internacional, fazendo parceria com\u00a0<\/span><span style=\"color: #000000;\">outros centros de diversas especialidades m\u00e9dicas, para poder brindar sempre o\u00a0<\/span><span style=\"color: #000000;\">melhor aos nossos clientes.<\/span><\/p>\n<p class=\"font_7\"><span style=\"color: #000000;\">No Brasil, atualmente contamos com um centro pedi\u00e1trico destinado ao conforto e\u00a0<\/span><span style=\"color: #000000;\">tranquilidade das crian\u00e7as e dos pais, com ambientes climatizados, tem\u00e1ticos e\u00a0<\/span><span style=\"color: #000000;\">espa\u00e7osos.<\/span><\/p>\n<p class=\"font_7\"><span style=\"color: #000000;\">E para quem procura dicas e orienta\u00e7\u00e3o sobre diversos temas na \u00e1rea da\u00a0<\/span><span style=\"color: #000000;\">pediatria, tamb\u00e9m contamos com uma p\u00e1gina web:\u00a0<\/span><span style=\"color: #000000;\">www.alejandraminhapediatra.com.br , esta p\u00e1gina tem como objetivo principal a\u00a0<\/span><span style=\"color: #000000;\">orienta\u00e7\u00e3o \u00e0 fam\u00edlia ou profissionais de sa\u00fade que tenham interesse\u00a0 na pediatria.<\/span><\/p>\n<p>[\/vc_column_text][\/vc_column][\/vc_row][vc_row css_animation=&#8221;&#8221; row_type=&#8221;row&#8221; use_row_as_full_screen_section=&#8221;no&#8221; type=&#8221;full_width&#8221; angled_section=&#8221;no&#8221; text_align=&#8221;left&#8221; background_image_as_pattern=&#8221;without_pattern&#8221;][vc_column][vc_gallery type=&#8221;image_grid&#8221; images=&#8221;382,383,384,385,386&#8243; img_size=&#8221;full&#8221; onclick=&#8221;&#8221; column_number=&#8221;5&#8243; grayscale=&#8221;no&#8221; images_space=&#8221;gallery_without_space&#8221;][\/vc_column][\/vc_row]<\/p>\n","protected":false},"excerpt":{"rendered":"<p>[vc_row css_animation=&#8221;&#8221; row_type=&#8221;row&#8221; use_row_as_full_screen_section=&#8221;no&#8221; type=&#8221;grid&#8221; angled_section=&#8221;no&#8221; text_align=&#8221;left&#8221; background_image_as_pattern=&#8221;without_pattern&#8221; z_index=&#8221;&#8221; css=&#8221;.vc_custom_1533865911286{padding-top: 40px !important;padding-bottom: 40px !important;}&#8221;][vc_column][vc_column_text] A Medical H.C foi idealizada em 2013 por este casal de esp\u00edrito empreendedor,\u00a0que sempre teve uma profunda preocupa\u00e7\u00e3o em valorizar a cada paciente de\u00a0maneira \u00fanica e especial. \u00a0 Desde a sua&#8230;<\/p>\n","protected":false},"author":1,"featured_media":0,"parent":0,"menu_order":0,"comment_status":"closed","ping_status":"closed","template":"full_width.php","meta":{"footnotes":""},"_links":{"self":[{"href":"https:\/\/medical-hc.com\/mafra\/wp-json\/wp\/v2\/pages\/155"}],"collection":[{"href":"https:\/\/medical-hc.com\/mafra\/wp-json\/wp\/v2\/pages"}],"about":[{"href":"https:\/\/medical-hc.com\/mafra\/wp-json\/wp\/v2\/types\/page"}],"author":[{"embeddable":true,"href":"https:\/\/medical-hc.com\/mafra\/wp-json\/wp\/v2\/users\/1"}],"replies":[{"embeddable":true,"href":"https:\/\/medical-hc.com\/mafra\/wp-json\/wp\/v2\/comments?post=155"}],"version-history":[{"count":15,"href":"https:\/\/medical-hc.com\/mafra\/wp-json\/wp\/v2\/pages\/155\/revisions"}],"predecessor-version":[{"id":389,"href":"https:\/\/medical-hc.com\/mafra\/wp-json\/wp\/v2\/pages\/155\/revisions\/389"}],"wp:attachment":[{"href":"https:\/\/medical-hc.com\/mafra\/wp-json\/wp\/v2\/media?parent=155"}],"curies":[{"name":"wp","href":"https:\/\/api.w.org\/{rel}","templated":true}]}}