{"id":175,"date":"2018-02-06T13:23:47","date_gmt":"2018-02-06T13:23:47","guid":{"rendered":"http:\/\/bridge151.qodeinteractive.com\/?page_id=175"},"modified":"2022-10-28T14:52:52","modified_gmt":"2022-10-28T14:52:52","slug":"especialidades","status":"publish","type":"page","link":"https:\/\/medical-hc.com\/mafra\/especialidades\/","title":{"rendered":"Nossos Servi\u00e7os"},"content":{"rendered":"<p>[vc_row css_animation=&#8221;&#8221; row_type=&#8221;row&#8221; use_row_as_full_screen_section=&#8221;no&#8221; type=&#8221;full_width&#8221; angled_section=&#8221;no&#8221; text_align=&#8221;left&#8221; background_image_as_pattern=&#8221;without_pattern&#8221; css=&#8221;.vc_custom_1533866694113{padding-top: 30px !important;padding-bottom: 30px !important;}&#8221; z_index=&#8221;&#8221;][vc_column width=&#8221;1\/2&#8243;][vc_gallery type=&#8221;image_grid&#8221; images=&#8221;390,393,396&#8243; img_size=&#8221;200&#215;200&#8243; column_number=&#8221;3&#8243; grayscale=&#8221;no&#8221; images_space=&#8221;gallery_without_space&#8221;][\/vc_column][vc_column width=&#8221;1\/2&#8243;][vc_column_text css=&#8221;.vc_custom_1666966435031{padding-top: 35px !important;}&#8221;]<\/p>\n<h3><span style=\"color: #000000;\">&#8211; Consultas \u00a0Pedi\u00e1tricas<\/span><\/h3>\n<h3><span style=\"color: #000000;\">&#8211; Consultas de\u00a0Puericultura<\/span><\/h3>\n<h3><span style=\"color: #000000;\">&#8211; Atendimento do\u00a0Rec\u00e9m Nascido<\/span><\/h3>\n<h3><span style=\"color: #000000;\">&#8211; Orienta\u00e7\u00e3o ao\u00a0Aleitamento Materno<\/span><\/h3>\n<h3><span style=\"color: #000000;\">&#8211; Assist\u00eancia ao Rec\u00e9m Nascido\u00a0no Parto (Normal ou\u00a0Cesariana)<\/span><\/h3>\n<h3><span style=\"color: #000000;\">&#8211; Psicologia Infantil<\/span><\/h3>\n<h3><span style=\"color: #000000;\">&#8211; Fisioterapia\u00a0<\/span><\/h3>\n<h3><span style=\"color: #000000;\">&#8211; Nutricionista<\/span><\/h3>\n<h3><span style=\"color: #000000;\">&#8211;\u00a0Fonoaudi\u00f3loga<\/span><\/h3>\n<h3><span style=\"color: #000000;\">&#8211;\u00a0Fonoaudi\u00f3loga em Amamenta\u00e7\u00e3o<\/span><\/h3>\n<h3><span style=\"color: #000000;\">\u00a0<\/span><\/h3>\n<p>[\/vc_column_text][\/vc_column][\/vc_row]<\/p>\n","protected":false},"excerpt":{"rendered":"<p>[vc_row css_animation=&#8221;&#8221; row_type=&#8221;row&#8221; use_row_as_full_screen_section=&#8221;no&#8221; type=&#8221;full_width&#8221; angled_section=&#8221;no&#8221; text_align=&#8221;left&#8221; background_image_as_pattern=&#8221;without_pattern&#8221; css=&#8221;.vc_custom_1533866694113{padding-top: 30px !important;padding-bottom: 30px !important;}&#8221; z_index=&#8221;&#8221;][vc_column width=&#8221;1\/2&#8243;][vc_gallery type=&#8221;image_grid&#8221; images=&#8221;390,393,396&#8243; img_size=&#8221;200&#215;200&#8243; column_number=&#8221;3&#8243; grayscale=&#8221;no&#8221; images_space=&#8221;gallery_without_space&#8221;][\/vc_column][vc_column width=&#8221;1\/2&#8243;][vc_column_text css=&#8221;.vc_custom_1666966435031{padding-top: 35px !important;}&#8221;] &#8211; Consultas \u00a0Pedi\u00e1tricas &#8211; Consultas de\u00a0Puericultura &#8211; Atendimento do\u00a0Rec\u00e9m Nascido &#8211; Orienta\u00e7\u00e3o ao\u00a0Aleitamento Materno &#8211; Assist\u00eancia ao Rec\u00e9m Nascido\u00a0no Parto&#8230;<\/p>\n","protected":false},"author":1,"featured_media":0,"parent":0,"menu_order":0,"comment_status":"closed","ping_status":"closed","template":"full_width.php","meta":{"footnotes":""},"_links":{"self":[{"href":"https:\/\/medical-hc.com\/mafra\/wp-json\/wp\/v2\/pages\/175"}],"collection":[{"href":"https:\/\/medical-hc.com\/mafra\/wp-json\/wp\/v2\/pages"}],"about":[{"href":"https:\/\/medical-hc.com\/mafra\/wp-json\/wp\/v2\/types\/page"}],"author":[{"embeddable":true,"href":"https:\/\/medical-hc.com\/mafra\/wp-json\/wp\/v2\/users\/1"}],"replies":[{"embeddable":true,"href":"https:\/\/medical-hc.com\/mafra\/wp-json\/wp\/v2\/comments?post=175"}],"version-history":[{"count":19,"href":"https:\/\/medical-hc.com\/mafra\/wp-json\/wp\/v2\/pages\/175\/revisions"}],"predecessor-version":[{"id":361,"href":"https:\/\/medical-hc.com\/mafra\/wp-json\/wp\/v2\/pages\/175\/revisions\/361"}],"wp:attachment":[{"href":"https:\/\/medical-hc.com\/mafra\/wp-json\/wp\/v2\/media?parent=175"}],"curies":[{"name":"wp","href":"https:\/\/api.w.org\/{rel}","templated":true}]}}